{"id":157,"date":"2010-10-19T23:30:51","date_gmt":"2010-10-19T23:30:51","guid":{"rendered":"http:\/\/pvcdemonterrey.com\/home\/?page_id=157"},"modified":"2017-04-08T01:43:32","modified_gmt":"2017-04-08T01:43:32","slug":"termofusion-pe-y-pvc","status":"publish","type":"page","link":"https:\/\/pvcdemonterrey.com.mx\/?page_id=157","title":{"rendered":"Termofusi\u00f3n PE y PVC"},"content":{"rendered":"<li>\n<h2>Termofusi\u00f3n en toda la Rep\u00fablica con T\u00e9cnicos y Equipos Certificados<\/h2>\n<ul>\n<li>\n<h3>Servicios de Termofusi\u00f3n de Tuber&Iacute;as y Conexiones de Polietileno de Alta densidad \u2013 Alto peso molecular(PE-3456) (PE-3408) de \u00bd\u201d hasta 36\u201d<\/h3>\n<ul>\n<li>\n<div align=\"center\">\n<img decoding=\"async\" loading=\"lazy\" src=\"https:\/\/pvcdemonterrey.com.mx\/home\/wp-content\/themes\/BC\/imgproductos\/SERVICIOS-DE-TERMOFUSION\/SERVICIOS-DE-TERMOFUSION.jpg\" width=\"154\" height=\"125\" \/><img decoding=\"async\" loading=\"lazy\" src=\"https:\/\/pvcdemonterrey.com.mx\/home\/wp-content\/themes\/BC\/imgproductos\/SERVICIOS-DE-TERMOFUSION\/SERVICIOS-DE-TERMOFUSION2.jpg\" width=\"172\" height=\"127\" \/><img decoding=\"async\" loading=\"lazy\" src=\"https:\/\/pvcdemonterrey.com.mx\/home\/wp-content\/themes\/BC\/imgproductos\/SERVICIOS-DE-TERMOFUSION\/SERVICIOS-DE-TERMOFUSION3.jpg\" width=\"156\" height=\"127\" \/><img decoding=\"async\" src=\"https:\/\/pvcdemonterrey.com.mx\/home\/wp-content\/themes\/BC\/imgproductos\/SERVICIOS-DE-TERMOFUSION\/SERVICIOS-DE-TERMOFUSION4.jpg\" height=\"127\" \/><\/div>\n<p>&#8211; Servicios de Termofusi\u00f3n de Tuber&iacute;as y conexiones de Polietileno de Alta Densidad &#8211; Alto peso Molecular ( PE-3456) (PE-3408) de \u00bd\u201d hasta 36\u201d <br \/>\n&#8211;\tContamos con T&eacute;cnicos certificados altamente calificados<br \/>\n&#8211;\tTermofusionamos en toda la Rep\u00fablica Mexicana<\/li>\n<\/ul>\n<\/li>\n<\/ul>\n<\/li>\n<li>\n<h2>Equipos de Termofusi\u00f3n Y Electrofusi\u00f3n <\/h2>\n<ul>\n<li>\n<h3>Venta-Renta de carros y equipos p\/ termofusi&Oacute;n y electrofusi&Oacute;n de Tuber&Iacute;as y conexiones de PEAD y PVC <\/h3>\n<ul>\n<li>\n<div align=\"center\">\n<img decoding=\"async\" loading=\"lazy\" src=\"https:\/\/pvcdemonterrey.com.mx\/home\/wp-content\/themes\/BC\/imgproductos\/Venta-Renta de carros y equipos\/Venta-Renta-equipos1.jpg\" width=\"147\" height=\"101\" \/><img decoding=\"async\" loading=\"lazy\" src=\"https:\/\/pvcdemonterrey.com.mx\/home\/wp-content\/themes\/BC\/imgproductos\/Venta-Renta de carros y equipos\/Venta-Renta-equipos2.jpg\" width=\"152\" height=\"126\" \/><\/div>\n<p>&#8211;\tVenta-Renta de carros y equipos para termofusi&oacute;n y electrofusi&oacute;n de tuber&iacute;as y conexiones de PEAD y PVC desde 2\u201d hasta 36\u201d<br \/>\n&#8211;\tEnviamos a toda la Rep\u00fablica Mexicana<\/li>\n<\/ul>\n<\/li>\n<\/ul>\n<\/li>\n","protected":false},"excerpt":{"rendered":"<p>Termofusi\u00f3n en toda la Rep\u00fablica con T\u00e9cnicos y Equipos Certificados Servicios de Termofusi\u00f3n de Tuber&Iacute;as y Conexiones de Polietileno de Alta densidad \u2013 Alto peso molecular(PE-3456) (PE-3408) de \u00bd\u201d hasta 36\u201d &#8211; Servicios de Termofusi\u00f3n de Tuber&iacute;as y conexiones de Polietileno de Alta Densidad &#8211; Alto peso Molecular ( PE-3456) (PE-3408) de \u00bd\u201d hasta 36\u201d [&hellip;]<\/p>\n","protected":false},"author":2,"featured_media":0,"parent":0,"menu_order":0,"comment_status":"open","ping_status":"closed","template":"potable.php","meta":[],"aioseo_notices":[],"_links":{"self":[{"href":"https:\/\/pvcdemonterrey.com.mx\/index.php?rest_route=\/wp\/v2\/pages\/157"}],"collection":[{"href":"https:\/\/pvcdemonterrey.com.mx\/index.php?rest_route=\/wp\/v2\/pages"}],"about":[{"href":"https:\/\/pvcdemonterrey.com.mx\/index.php?rest_route=\/wp\/v2\/types\/page"}],"author":[{"embeddable":true,"href":"https:\/\/pvcdemonterrey.com.mx\/index.php?rest_route=\/wp\/v2\/users\/2"}],"replies":[{"embeddable":true,"href":"https:\/\/pvcdemonterrey.com.mx\/index.php?rest_route=%2Fwp%2Fv2%2Fcomments&post=157"}],"version-history":[{"count":7,"href":"https:\/\/pvcdemonterrey.com.mx\/index.php?rest_route=\/wp\/v2\/pages\/157\/revisions"}],"predecessor-version":[{"id":579,"href":"https:\/\/pvcdemonterrey.com.mx\/index.php?rest_route=\/wp\/v2\/pages\/157\/revisions\/579"}],"wp:attachment":[{"href":"https:\/\/pvcdemonterrey.com.mx\/index.php?rest_route=%2Fwp%2Fv2%2Fmedia&parent=157"}],"curies":[{"name":"wp","href":"https:\/\/api.w.org\/{rel}","templated":true}]}}