{"id":143,"date":"2010-10-19T23:07:33","date_gmt":"2010-10-19T23:07:33","guid":{"rendered":"http:\/\/pvcdemonterrey.com\/home\/?page_id=143"},"modified":"2017-04-08T01:19:58","modified_gmt":"2017-04-08T01:19:58","slug":"electrificacion-y-fibra-optica","status":"publish","type":"page","link":"https:\/\/pvcdemonterrey.com.mx\/?page_id=143","title":{"rendered":"Electrificaci\u00f3n y Fibra \u00d3ptica"},"content":{"rendered":"<p><!-- page_id=143 --><\/p>\n<ul>\n<li>\n<h2>Tuber\u00eda PEAD Flexoducto liso<\/h2>\n<ul>\n<li>\n<h3>Tuber\u00eda conduit PEAD (Polietileno de Alta Densidad) Flexoducto liso<\/h3>\n<p><img decoding=\"async\" src=\"https:\/\/pvcdemonterrey.com.mx\/home\/wp-content\/uploads\/2010\/10\/11.jpg\" alt=\"\" height=\"200\" \/><\/p>\n<p><strong>APLICACI\u00d3N:<\/strong><br \/>\n<strong> Tubo de polietileno de alta densidad<\/strong>. \u00datil para alojar y proteger el cableado el\u00e9ctrico en redes Subterr\u00e1neas bajo calle y banquetas.<br \/>\n<strong>Apariencia<\/strong>: acabado exterior e interior liso de doble capa. Disponible en colores naranja, rojo y negro con franjas rojas para las bajadas de transici\u00f3n.<br \/>\n<strong>Espesores<\/strong>: De acuerdo con RD-11, RD-13.5, RD-15.5, RD-17, RD-19 y RD-21.<br \/>\n<strong>Di\u00e1metros<\/strong>: 1-1\/4\u201d hasta 12\u201d (32 hasta 300 mm.)<br \/>\n<strong>Largos<\/strong>: tramos de 6 mts. y rollos de 30 hasta 350 mts.<br \/>\n<strong>Uni\u00f3n<\/strong>: Se une por termofusi\u00f3n o bien mediante conexiones mec\u00e1nicas.<br \/>\n<strong>Canalizaci\u00f3n<\/strong>: Para alto desempe\u00f1o de las obras el\u00e9ctricas, se utilizan separadores en di\u00e1metros de 2\u201d, 2-1\/2\u201d,3\u201d, 4\u201d, 5\u201d, 6\u201d, 8\u201d, 10\u201d y 12\u201d para formar bancos de ductos de 3 a 12 canalizaciones.<\/p>\n<p><strong>USOS:<\/strong><br \/>\n&#8211; En <strong>instalaciones el\u00e9ctricas<\/strong> residenciales, comerciales e industriales, para conducir cables de media y baja tensi\u00f3n<br \/>\n&#8211; En urbanizaci\u00f3n para <strong>redes de electrificaci\u00f3n<\/strong> subterr\u00e1nea, redes de acometidas, bajadas de transici\u00f3n y alumbrado p\u00fablico de acuerdo a especificaciones de CFE<br \/>\n-En <strong>l\u00edneas de distribuci\u00f3n<\/strong>, transmisi\u00f3n y telecomunicaciones para fibra \u00f3ptica<br \/>\n-Instalaciones telef\u00f3nicas y redes de computo<\/p>\n<p><strong>VENTAJAS:<\/strong><br \/>\n&#8211; Garant\u00eda de calidad aprobado por LAPEM &#8211; CFE mediante aviso de prueba de acuerdo a norma <em><strong>CFE DF 110-23<\/strong><\/em> Vigente desde Diciembre 2015 (antes NRF-057-CFE-2009).<br \/>\n&#8211; Garant\u00eda de calidad certificada con ISO 9001:2008, NMX-E- 242\/2-ANCE-CNCP-2005, y bajo normas internacionales de fabricaci\u00f3n.<br \/>\n&#8211; Soporta f\u00e1cilmente el tir\u00f3n inducido cuando se instala con m\u00e1quina para perforaci\u00f3n horizontal direccionada \u201cHDD\u201d, sin necesidad de excavar a cielo abierto<br \/>\n&#8211; No genera desperdicio al instalarse porque se coloca un solo tramo entre registros<br \/>\n&#8211; Gran resistencia a la tensi\u00f3n, deflexi\u00f3n, aplastamiento e impacto<br \/>\n&#8211; Optima durabilidad y resistencia a la intemperie<br \/>\n&#8211; Su fabricaci\u00f3n en doble capa, alarga su vida \u00fatil hasta en un 20% m\u00e1s que los tradicionales de una capa<br \/>\n&#8211; M\u00e1s de 50 a\u00f1os de vida \u00fatil y m\u00e1s de 15 a\u00f1os a la intemperie<br \/>\n&#8211; Muy Econ\u00f3mico comparado contra el tubo de PVC, PP y otros materiales<br \/>\n&#8211; 100% Flexible, f\u00e1cil de manejar, r\u00e1pido de instalar<br \/>\n&#8211; 100% seguro y herm\u00e9tico<br \/>\n&#8211; M\u00e1xima seguridad en terrenos rocosos, estables o inestables<br \/>\n&#8211; M\u00e1xima seguridad en l\u00edneas subterr\u00e1neas con tr\u00e1fico pesado<br \/>\n&#8211; En tipo II, se fabrica con espesores para RD-11, RD-13.5, RD-15.5, RD-17, RD-19 y\u00a0RD-21.<\/p>\n<p><strong><a href=\"https:\/\/pvcdemonterrey.com.mx\/home\/wp-content\/themes\/BC\/imgproductos\/TUBERIA-CONDUIT-PAD\/tuberiaconduitpad.pdf\" target=\"_blank\">Especificaciones Tecnicas<\/a><\/strong><\/li>\n<\/ul>\n<\/li>\n<li>\n<h2>Tuber\u00cda y conexiones PVC conduit<\/h2>\n<ul>\n<li>\n<h3>Tuber\u00cda y conexiones PVC conduit<\/h3>\n<div align=\"center\"><img decoding=\"async\" src=\"https:\/\/pvcdemonterrey.com.mx\/home\/wp-content\/uploads\/2010\/10\/12.jpg\" \/><\/div>\n<p><strong>APLICACI\u00d3N<\/strong>:<br \/>\n<strong>Tuber\u00eda de PVC<\/strong> (policloruro de vinilo). \u00datil para alojar y proteger cables el\u00e9ctricos de baja y media tensi\u00f3n. De acuerdo a su aplicaci\u00f3n se maneja en tipo ligero, tipo pesado y c\u00e9dula 40.<br \/>\n<strong>Apariencia<\/strong>: tubo r\u00edgido en acabado exterior e interior liso en color verde.<br \/>\n<strong>Espesores<\/strong>: de acuerdo al tipo requerido (ver tabla anexa).<br \/>\n<strong>Di\u00e1metros<\/strong>: \u00bd\u201d hasta 6\u201d.<br \/>\n<strong>Largo<\/strong>: tramos de 3.0 mts con espiga y campana cementar y\/o con extremos lisos.<br \/>\n<strong>Uni\u00f3n<\/strong>: mediante conexiones para cementarse (curvas, coples y conectores)<\/p>\n<p><strong>USOS<\/strong>:<br \/>\n&#8211; Instalaciones el\u00e9ctricas urbanas, residenciales, comerciales e industriales.<br \/>\n&#8211; Instalaciones visibles, ocultas, semiocultas o subterr\u00e1neas; en muros y sobre cielos falsos.<br \/>\n&#8211; El tipo ligero permite conducir cableado el\u00e9ctrico de 110 volts<br \/>\n&#8211; El tipo pesado permite conducir cableado el\u00e9ctrico de 110 volts y 220 volts<br \/>\n&#8211; Instalaciones de redes telef\u00f3nicas y de computadoras, audio y video.<\/p>\n<p><strong>VENTAJAS<\/strong>:<br \/>\n&#8211; Compatible con tuber\u00edas de otros materiales que correspondan con los mismos di\u00e1metros nominales<br \/>\n&#8211; Durable y resistente a la corrosi\u00f3n<br \/>\n&#8211; Auto-extinguible<br \/>\n&#8211; Ligera y vers\u00e1til, lo cual facilita su transporte e instalaci\u00f3n<\/p>\n<p><strong><a href=\"https:\/\/pvcdemonterrey.com.mx\/home\/wp-content\/themes\/BC\/imgproductos\/TUBERIA-PVC-CONDUIT\/TUBERIA-PVC-CONDUIT.pdf\" target=\"_blank\">Especificaciones T\u00e9cnicas<\/a><\/strong><\/li>\n<\/ul>\n<\/li>\n<li>\n<h2>Tuber\u00eda PEAD-APM liso (Ducto fibra \u00f3ptica)<\/h2>\n<ul>\n<li>\n<h3>Tuber\u00eda PEAD-APM Liso-ducto para fibra \u00d3ptica<\/h3>\n<p>(POLIETILENO DE ALTA DENSIDAD-ALTO PESO MOLECULAR)<\/p>\n<p><img decoding=\"async\" src=\"https:\/\/pvcdemonterrey.com.mx\/home\/wp-content\/themes\/BC\/imgproductos\/TUBERIA-PEAD-APM-LISA-DUCTO-PARA-FIBRA-OPTICA\/TUBERIA-PEAD-APM-LISA-DUCTO-PARA-FIBRA-OPTICA2.jpg\" alt=\"\" height=\"150\" \/><img decoding=\"async\" loading=\"lazy\" src=\"https:\/\/pvcdemonterrey.com.mx\/home\/wp-content\/themes\/BC\/imgproductos\/TUBERIA-PEAD-APM-LISA-DUCTO-PARA-FIBRA-OPTICA\/TUBERIA-PEAD-APM-LISA-DUCTO-PARA-FIBRA-OPTICA.jpg\" alt=\"\" width=\"200\" height=\"150\" \/><img decoding=\"async\" src=\"https:\/\/pvcdemonterrey.com.mx\/home\/wp-content\/themes\/BC\/imgproductos\/TUBERIA-PEAD-APM-LISA-DUCTO-PARA-FIBRA-OPTICA\/TUBERIA-PEAD-APM-LISA-DUCTO-PARA-FIBRA-OPTICA3.jpg\" alt=\"\" height=\"150\" \/><img decoding=\"async\" src=\"https:\/\/pvcdemonterrey.com.mx\/home\/wp-content\/themes\/BC\/imgproductos\/TUBERIA-PEAD-APM-LISA-DUCTO-PARA-FIBRA-OPTICA\/TUBERIA-PEAD-APM-LISA-DUCTO-PARA-FIBRA-OPTICA4.jpg\" alt=\"\" height=\"150\" \/><img decoding=\"async\" src=\"https:\/\/pvcdemonterrey.com.mx\/home\/wp-content\/themes\/BC\/imgproductos\/TUBERIA-PEAD-APM-LISA-DUCTO-PARA-FIBRA-OPTICA\/TUBERIA-PEAD-APM-LISA-DUCTO-PARA-FIBRA-OPTICA5.jpg\" alt=\"\" height=\"150\" \/><\/p>\n<p><strong>APLICACI\u00d3N<\/strong>:<br \/>\n<strong> Tubo de polietileno de alta densidad<\/strong>. \u00datil para alojar y proteger el cableado de fibra \u00f3ptica en redes subterr\u00e1neas para transmisi\u00f3n de voz y datos.<br \/>\n<strong>Apariencia<\/strong>: acabado exterior e interior liso de doble capa. Disponible en colores naranja, rojo, verde, amarillo, azul y negro. Se puede fabricar en seco \u00f3 con una capa interior prelubricada de pared s\u00f3lida en color blanco.<br \/>\n<strong>Espesores<\/strong>: De acuerdo con RD-11, RD-13.5, RD-15.5, RD-17, RD-19 y RD-21.<br \/>\n<strong>Di\u00e1metros<\/strong>: 1-1\/4\u201d hasta 6\u201d (32 hasta 150 mm)<br \/>\n<strong>Largos<\/strong>: Rollos de 100 hasta 350 mts. y tramos de 12 mts. para 6\u201d<br \/>\n<strong> Uni\u00f3n<\/strong>: Se une por termofusi\u00f3n \u00f3 bien mediante conexiones mec\u00e1nicas.<\/p>\n<p><strong>USOS<\/strong>:<br \/>\n&#8211; Protecci\u00f3n de cables de fibra \u00f3ptica y cables coaxiales<br \/>\n&#8211; Redes de telefon\u00eda dom\u00e9stica e internacional<br \/>\n&#8211; Redes urbanas y carreteras de fibra \u00f3ptica<br \/>\n&#8211; Protecci\u00f3n de cableado de TV residencial<\/p>\n<p><strong>VENTAJAS<\/strong>:<br \/>\n&#8211; La tuber\u00eda de PEAD es considerada como la mejor opci\u00f3n para la protecci\u00f3n de cables en redes de telecomunicaci\u00f3n, comparado con el PVC y dem\u00e1s tuber\u00edas convencionales.<br \/>\n&#8211; Por lo delicado de las fibras \u00f3pticas y a vulnerabilidad de las mismas frente a la humedad, el Tubo de PEAD ofrece 100% de hermeticidad.<br \/>\n&#8211; Ofrece excelente resistencia a la tensi\u00f3n por tir\u00f3n durante la perforaci\u00f3n direccional y alto desempe\u00f1o al ser instalado en zanja a cielo abierto y\/o con equipo para perforaci\u00f3n horizontal direccionada \u201cHDD\u201d.<br \/>\n&#8211; M\u00ednimo coeficiente de fricci\u00f3n, la capa interna de lubricante s\u00f3lido, en la versi\u00f3n prelubricada, permite un suave y f\u00e1cil deslizamiento de los cables en grandes longitudes, en comparaci\u00f3n con la utilizaci\u00f3n de lubricantes l\u00edquidos \u00f3 aerosoles.<br \/>\n&#8211; Alta flexibilidad, facilidad de manejo, ahorro en tiempo y costos de instalaci\u00f3n.<br \/>\n&#8211; Confiabilidad, seguridad y protecci\u00f3n en la construcci\u00f3n de redes de telecomunicaci\u00f3n sobre caminos y carreteras.<br \/>\n&#8211; Nula generaci\u00f3n de campos de energ\u00eda est\u00e1tica.<\/p>\n<p><strong><a href=\"https:\/\/pvcdemonterrey.com.mx\/home\/wp-content\/themes\/BC\/imgproductos\/TUBERIA-PEAD-APM-LISA-DUCTO-PARA-FIBRA-OPTICA\/TUBERIA-PEAD-APM-LISA-DUCTO-PARA-FIBRA-OPTICA.pdf\" target=\"_blank\">Especificaciones Tecnicas<\/a><\/strong><\/li>\n<\/ul>\n<\/li>\n<li>\n<h2>Manguera Poliducto conduit liso<\/h2>\n<ul>\n<li>\n<h3>Manguera Poliducto conduit liso<\/h3>\n<div><img decoding=\"async\" src=\"https:\/\/pvcdemonterrey.com.mx\/home\/wp-content\/themes\/BC\/imgproductos\/MANGUERA-POLIDUCTO-CONDUIT-LISO\/MANGUERA-POLIDUCTO-CONDUIT-LISO.jpg\" alt=\"\" height=\"200\" \/><img decoding=\"async\" src=\"https:\/\/pvcdemonterrey.com.mx\/home\/wp-content\/themes\/BC\/imgproductos\/MANGUERA-POLIDUCTO-CONDUIT-LISO\/MANGUERA-POLIDUCTO-CONDUIT-LISO2.jpg\" alt=\"\" height=\"200\" \/><img decoding=\"async\" src=\"https:\/\/pvcdemonterrey.com.mx\/home\/wp-content\/themes\/BC\/imgproductos\/MANGUERA-POLIDUCTO-CONDUIT-LISO\/MANGUERA-POLIDUCTO-CONDUIT-LISO3.jpg\" alt=\"\" height=\"100\" \/><\/div>\n<p><strong>APLICACI\u00d3N:<\/strong><br \/>\n<strong>Manguera Poliducto de polietileno de baja densidad<\/strong>. \u00datil para alojar y proteger cables el\u00e9ctricos encofrados en lozas de cemento o bajo tierra, en muros y sobre cielos falsos.<br \/>\n<strong>Apariencia<\/strong>: acabado exterior e interior liso. Se fabrica en Unicapa y Doble capa (reforzado), disponible en colores naranja y negro.<br \/>\n<strong>Di\u00e1metros:<\/strong> de \u00bd\u201d a 3\u201d<br \/>\n<strong>Largos:<\/strong> rollos de 30 a 100 mts.<br \/>\n<strong>Conexiones:<\/strong> Para hacer las bajadas de la loza hacia las paredes se utilizan curvas conduit de 90\u00b0 en polietileno<\/p>\n<p><strong>USOS: <\/strong><br \/>\n&#8211; Instalaciones el\u00e9ctricas residenciales, comerciales e industriales.<br \/>\n&#8211; Alumbrado p\u00fablico de camellones y arbotantes en banqueta<br \/>\n&#8211; Permite conducir cableado de 110 y 220 volts.<\/p>\n<p><strong>VENTAJAS:<\/strong><br \/>\n&#8211; Es muy flexible, en un solo metro permite hacer giros de 360\u00b0 sin que se colapse<br \/>\n&#8211; Gran resistencia a la humedad, la compresi\u00f3n y el aplastamiento<br \/>\n&#8211; Durable y econ\u00f3mica, ahorra tiempo de trabajo y costos de instalaci\u00f3n<br \/>\n&#8211; <strong>Para las bajadas de la loza hacia las paredes se utilizan curvas conduit naranja de 90\u00b0 en polietileno<\/strong><\/p>\n<p><strong><a href=\"https:\/\/pvcdemonterrey.com.mx\/home\/wp-content\/themes\/BC\/imgproductos\/MANGUERA-POLIDUCTO-CONDUIT-LISO\/MANGUERA-POLIDUCTO-CONDUIT-LISO.pdf\" target=\"_blank\">Especificaciones T\u00e9cnicas<\/a><\/strong><\/li>\n<\/ul>\n<\/li>\n<li>\n<h2>Curva Conduit Naranja de 90\u00b0<\/h2>\n<ul>\n<li>\n<div style=\"float: left;\" align=\"left\"><img decoding=\"async\" loading=\"lazy\" src=\"https:\/\/pvcdemonterrey.com.mx\/wp-content\/themes\/BC\/imgproductos\/CURVA-CONDUIT-NARANJA-DE-90.jpg\" width=\"auto\" height=\"150\" \/><\/div>\n<div style=\"float: left;\" align=\"left\"><img decoding=\"async\" loading=\"lazy\" src=\"https:\/\/pvcdemonterrey.com.mx\/wp-content\/themes\/BC\/imgproductos\/CURVA-CONDUIT.jpg\" alt=\"\" width=\"auto\" height=\"100\" \/><\/div>\n<div style=\"float: left;\" align=\"left\"><img decoding=\"async\" loading=\"lazy\" src=\"https:\/\/pvcdemonterrey.com.mx\/wp-content\/uploads\/2016\/09\/tubos.jpg\" width=\"auto\" height=\"150\" \/><\/div>\n<div style=\"float: left;\" align=\"left\"><img decoding=\"async\" loading=\"lazy\" src=\"https:\/\/pvcdemonterrey.com.mx\/wp-content\/uploads\/2016\/09\/tubocurva.jpg\" width=\"auto\" height=\"150\" \/><\/div>\n<p><strong>USOS:<\/strong><br \/>\n<strong> Curva conduit naranja de 90\u00b0 en polietileno de baja densidad<\/strong>. \u00datil para conectarse con <strong>Manguera Poliducto conduit <\/strong>liso, al hacer las bajadas de la loza hacia las paredes, evitando que la manguera se colapse.<br \/>\nSe fabrica en medidas de \u00bd\u201d a 2\u201d y se surte a granel la cantidad que se requiera.<\/li>\n<\/ul>\n<\/li>\n<li>\n<h2>Manguera Poliducto Conduit Corrugada<\/h2>\n<ul>\n<li>\n<h3>Manguera Poliducto Conduit Corrugada<\/h3>\n<div align=\"center\"><img decoding=\"async\" loading=\"lazy\" src=\"https:\/\/pvcdemonterrey.com.mx\/home\/wp-content\/themes\/BC\/imgproductos\/MANGUERA-POLIDUCTO-CONDUIT-CORRUGADA\/MANGUERA-POLIDUCTO-CONDUIT-CORRUGADA5.jpg\" alt=\"\" width=\"100\" height=\"70\" \/><img decoding=\"async\" src=\"https:\/\/pvcdemonterrey.com.mx\/home\/wp-content\/themes\/BC\/imgproductos\/MANGUERA-POLIDUCTO-CONDUIT-CORRUGADA\/MANGUERA-POLIDUCTO-CONDUIT-CORRUGADA.jpg\" alt=\"\" height=\"100\" \/><img decoding=\"async\" src=\"https:\/\/pvcdemonterrey.com.mx\/home\/wp-content\/themes\/BC\/imgproductos\/MANGUERA-POLIDUCTO-CONDUIT-CORRUGADA\/MANGUERA-POLIDUCTO-CONDUIT-CORRUGADA2.jpg\" alt=\"\" height=\"100\" \/><img decoding=\"async\" src=\"https:\/\/pvcdemonterrey.com.mx\/home\/wp-content\/themes\/BC\/imgproductos\/MANGUERA-POLIDUCTO-CONDUIT-CORRUGADA\/MANGUERA-POLIDUCTO-CONDUIT-CORRUGADA3.jpg\" alt=\"\" height=\"100\" \/><img decoding=\"async\" loading=\"lazy\" src=\"https:\/\/pvcdemonterrey.com.mx\/home\/wp-content\/themes\/BC\/imgproductos\/MANGUERA-POLIDUCTO-CONDUIT-CORRUGADA\/MANGUERA-POLIDUCTO-CONDUIT-CORRUGADA4.jpg\" alt=\"\" width=\"139\" height=\"80\" \/><\/div>\n<p><strong>APLICACI\u00d3N<\/strong>:<br \/>\n<strong>Manguera Poliducto conduit corrugada de polietileno de Alta densidad<\/strong>. \u00datil para alojar y proteger cables el\u00e9ctricos encofrados en lozas de cemento \u00f3 bajo tierra, en muros y sobre cielos falsos.<br \/>\n<strong>Apariencia:<\/strong> con acabado exterior e interior corrugado, pared sencilla.<br \/>\n<strong>Colores:<\/strong> Naranja y Negro.<br \/>\n<strong>Di\u00e1metros:<\/strong> \u00bd\u201d a 2\u201d<br \/>\n<strong>Largos:<\/strong> rollos de 50 a 100 mts.<\/p>\n<p><strong>USOS: <\/strong><br \/>\n&#8211; Permite conducir cableado de 110 y 220 volts<br \/>\n&#8211; Instalaciones el\u00e9ctricas residenciales, comerciales e Industriales<br \/>\n&#8211; Instalaciones telef\u00f3nicas y de computadoras<br \/>\n&#8211; Protecci\u00f3n de cableado automotriz y tuber\u00edas de refrigeraci\u00f3n<\/p>\n<p><strong>VENTAJAS:<\/strong><br \/>\n&#8211; 100% flexible, por su construcci\u00f3n en forma de anillos, soporta giros de 360\u00b0 en espacios cortos y limitados sin que se obstruya o colapse.<br \/>\n&#8211; Muy resistente a la humedad, durable y econ\u00f3mica<br \/>\n&#8211; De r\u00e1pida instalaci\u00f3n y f\u00e1cil manejo en pisos, techos y paredes<br \/>\n&#8211; F\u00e1cil manejo, ahorra tiempo de trabajo e instalaci\u00f3n.<br \/>\n&#8211; Permite hacer las bajadas de la loza hacia las paredes, sin que la manguera se colapse.<\/p>\n<p><strong><a href=\"https:\/\/pvcdemonterrey.com.mx\/home\/wp-content\/themes\/BC\/imgproductos\/MANGUERA-POLIDUCTO-CONDUIT-CORRUGADA\/MANGUERA-POLIDUCTO-CONDUIT-CORRUGADA.pdf\" target=\"_blank\">Especificaciones T\u00e9cnicas<\/a><\/strong><\/li>\n<\/ul>\n<\/li>\n<li>\n<h2>Tuber\u00eda PEAD corrugada<\/h2>\n<ul>\n<li>\n<h3>Tuber\u00eda Conduit PEAD Corrugada (Polietileno de Alta Densidad)<\/h3>\n<div align=\"center\"><img decoding=\"async\" src=\"https:\/\/pvcdemonterrey.com.mx\/home\/wp-content\/themes\/BC\/imgproductos\/conduitaltadensidad\/conduitaltadensidad4.jpg\" alt=\"\" width=\"200\" \/><img decoding=\"async\" src=\"https:\/\/pvcdemonterrey.com.mx\/home\/wp-content\/themes\/BC\/imgproductos\/conduitaltadensidad\/conduitaltadensidad3.jpg\" alt=\"\" height=\"120\" \/><img decoding=\"async\" src=\"https:\/\/pvcdemonterrey.com.mx\/home\/wp-content\/themes\/BC\/imgproductos\/conduitaltadensidad\/conduitaltadensidad.jpg\" alt=\"\" height=\"120\" \/><img decoding=\"async\" src=\"https:\/\/pvcdemonterrey.com.mx\/home\/wp-content\/themes\/BC\/imgproductos\/conduitaltadensidad\/conduitaltadensidad2.jpg\" alt=\"\" height=\"120\" \/><\/div>\n<p><strong>DESCRIPCI\u00d3N: <\/strong><br \/>\n<strong>Tuber\u00eda de polietileno de alta densidad<\/strong>, \u00datil para alojar y proteger el cableado el\u00e9ctrico subterr\u00e1neo encofrado en cemento \u00f3 bajo tierra seleccionada.<\/p>\n<p><strong>Apariencia:<\/strong><br \/>\n<strong>1)<\/strong> Acabado exterior corrugado e interior liso, Tipo S de doble pared, con cople y anillo incluido, disponible en colores naranja\/negro \u00f3 rojo (con franja opcional).<br \/>\n<strong> Di\u00e1metros:<\/strong> 1-1\/4\u201d, 1-1\/2\u201d, 2\u201d, 2-1\/2\u201d,3\u201d, 4\u201d, 5\u201d, 6\u201d, 8\u201d, 10\u201d y 12\u201d<br \/>\n<strong>Largo: <\/strong>tramos de 6.10 mts.<\/p>\n<p><strong>2)<\/strong> Acabado exterior corrugado e interior liso, Tipo S de doble pared, con cople y anillo incluido, disponible en colores naranja\/negro \u00f3 rojo (con franja opcional).<br \/>\n<strong> Di\u00e1metros<\/strong>: 2\u201d, 3\u201d y 4\u201d.<br \/>\n<strong>Largo<\/strong>: rollos de 152, 76 y 315 mts.<\/p>\n<p><strong>3)<\/strong> Acabado exterior corrugado e interior corrugado, pared sencilla, disponible en colores naranja\/negro \u00f3 rojo (con franja opcional). Con cople y anillo incluido.<br \/>\n<strong>Di\u00e1metro<\/strong>: 2\u201d ,3\u201d, 4\u201d<br \/>\n<strong>Largo<\/strong>: rollos de 100, 50 y 30 mts.<br \/>\n<strong>Canalizaci\u00f3n<\/strong>: Para alto desempe\u00f1o de las obras el\u00e9ctricas, se utilizan separadores en di\u00e1metros de 2\u201d, 2-1\/2\u201d,3\u201d, 4\u201d, 5\u201d, 6\u201d, 8\u201d, 10\u201d y 12\u201d para formar bancos de ductos de 3 a 12 canalizaciones.<\/p>\n<p><strong>USOS: <\/strong><br \/>\n&#8211; Instalaciones el\u00e9ctricas en redes subterr\u00e1neas a considerable profundidad en areas urbanas, comerciales e industriales.<br \/>\n&#8211; Instalaciones telef\u00f3nicas y redes de computo.<br \/>\n&#8211; Permite conducir cableado de 110 y 220 volts en media y baja tensi\u00f3n.<\/p>\n<p><strong>VENTAJAS:<\/strong><br \/>\n&#8211; Garant\u00eda de calidad aprobado por LAPEM &#8211; CFE mediante aviso de prueba de acuerdo a norma <em><strong>CFE DF 110-23<\/strong><\/em> (Vigente desde Diciembre 2015) antes NRF-057-CFE-2009.<br \/>\n&#8211; Garant\u00eda de calidad certificada con ISO 9001:2008, NMX-E- 242\/2-ANCE-CNCP-2005, y bajo normas internacionales de fabricaci\u00f3n.<br \/>\n&#8211; Por su construcci\u00f3n estructural en forma de anillos, soporta deflexiones y giros moderados en espacios amplios sin que se obstruya o colapse.<br \/>\n&#8211; Por su facilidad de unirse con coples, se minimiza el desperdicio al instalarse<br \/>\n&#8211; Resistente a la humedad y al maltrato<br \/>\n&#8211; Facilidad para trabajar en mantos fre\u00e1ticos altos<\/p>\n<p><strong><a href=\"https:\/\/pvcdemonterrey.com.mx\/home\/wp-content\/themes\/BC\/imgproductos\/conduitaltadensidad\/conduitaltadensidad.pdf\" target=\"_blank\">Especificaciones T\u00e9cnicas<\/a><\/strong><\/li>\n<\/ul>\n<\/li>\n<li>\n<h2>Tuber\u00eda PEAD-HMW-3456 (PE-3408) termofusionable<\/h2>\n<ul>\n<li>\n<h3>Tuber\u00eda PEAD-HMW (Polietileno de alta densidad\u2013auto peso molecular) PE-3456 (PE-3408) uniflex liso<\/h3>\n<div align=\"center\"><img decoding=\"async\" loading=\"lazy\" src=\"https:\/\/pvcdemonterrey.com.mx\/home\/wp-content\/themes\/BC\/imgproductos\/SERVICIOS-DE-TERMOFUSION\/SERVICIOS-DE-TERMOFUSION.jpg\" width=\"154\" height=\"125\" \/><img decoding=\"async\" loading=\"lazy\" src=\"https:\/\/pvcdemonterrey.com.mx\/home\/wp-content\/themes\/BC\/imgproductos\/SERVICIOS-DE-TERMOFUSION\/SERVICIOS-DE-TERMOFUSION2.jpg\" width=\"172\" height=\"127\" \/><img decoding=\"async\" loading=\"lazy\" src=\"https:\/\/pvcdemonterrey.com.mx\/home\/wp-content\/themes\/BC\/imgproductos\/SERVICIOS-DE-TERMOFUSION\/SERVICIOS-DE-TERMOFUSION3.jpg\" width=\"156\" height=\"127\" \/><img decoding=\"async\" src=\"https:\/\/pvcdemonterrey.com.mx\/home\/wp-content\/themes\/BC\/imgproductos\/SERVICIOS-DE-TERMOFUSION\/SERVICIOS-DE-TERMOFUSION4.jpg\" height=\"127\" \/><\/div>\n<p>&#8211; Servicios de Termofusi\u00f3n de Tuber\u00edas y conexiones de Polietileno de Alta Densidad &#8211; Alto peso Molecular ( PE-3456) (PE-3408) de \u00bd\u201d hasta 36\u201d<br \/>\n&#8211; Contamos con T\u00e9cnicos certificados altamente calificados<br \/>\n&#8211; Termofusionamos en toda la Rep\u00fablica Mexicana<\/li>\n<\/ul>\n<\/li>\n<li>\n<h2>Venta-Renta de carros y equipos p\/ termofusi\u00d3n y electrofusi\u00d3n de Tuber\u00cdas y conexiones de PEAD y PVC<\/h2>\n<ul>\n<li>\n<div align=\"center\"><img decoding=\"async\" loading=\"lazy\" src=\"https:\/\/pvcdemonterrey.com.mx\/home\/wp-content\/themes\/BC\/imgproductos\/Venta-Renta de carros y equipos\/Venta-Renta-equipos1.jpg\" width=\"147\" height=\"101\" \/><img decoding=\"async\" loading=\"lazy\" src=\"https:\/\/pvcdemonterrey.com.mx\/home\/wp-content\/themes\/BC\/imgproductos\/Venta-Renta de carros y equipos\/Venta-Renta-equipos2.jpg\" width=\"152\" height=\"126\" \/><\/div>\n<p>&#8211; Venta-Renta de carros y equipos para termofusi\u00f3n y electrofusi\u00f3n de tuber\u00edas y conexiones de PEAD y PVC desde 2\u201d hasta 36\u201d<br \/>\n&#8211; Enviamos a toda la Rep\u00fablica Mexicana<\/li>\n<\/ul>\n<\/li>\n<\/ul>\n","protected":false},"excerpt":{"rendered":"<p>Tuber\u00eda PEAD Flexoducto liso Tuber\u00eda conduit PEAD (Polietileno de Alta Densidad) Flexoducto liso APLICACI\u00d3N: Tubo de polietileno de alta densidad. \u00datil para alojar y proteger el cableado el\u00e9ctrico en redes Subterr\u00e1neas bajo calle y banquetas. Apariencia: acabado exterior e interior liso de doble capa. Disponible en colores naranja, rojo y negro con franjas rojas para [&hellip;]<\/p>\n","protected":false},"author":2,"featured_media":0,"parent":0,"menu_order":0,"comment_status":"open","ping_status":"closed","template":"potable.php","meta":[],"aioseo_notices":[],"_links":{"self":[{"href":"https:\/\/pvcdemonterrey.com.mx\/index.php?rest_route=\/wp\/v2\/pages\/143"}],"collection":[{"href":"https:\/\/pvcdemonterrey.com.mx\/index.php?rest_route=\/wp\/v2\/pages"}],"about":[{"href":"https:\/\/pvcdemonterrey.com.mx\/index.php?rest_route=\/wp\/v2\/types\/page"}],"author":[{"embeddable":true,"href":"https:\/\/pvcdemonterrey.com.mx\/index.php?rest_route=\/wp\/v2\/users\/2"}],"replies":[{"embeddable":true,"href":"https:\/\/pvcdemonterrey.com.mx\/index.php?rest_route=%2Fwp%2Fv2%2Fcomments&post=143"}],"version-history":[{"count":38,"href":"https:\/\/pvcdemonterrey.com.mx\/index.php?rest_route=\/wp\/v2\/pages\/143\/revisions"}],"predecessor-version":[{"id":565,"href":"https:\/\/pvcdemonterrey.com.mx\/index.php?rest_route=\/wp\/v2\/pages\/143\/revisions\/565"}],"wp:attachment":[{"href":"https:\/\/pvcdemonterrey.com.mx\/index.php?rest_route=%2Fwp%2Fv2%2Fmedia&parent=143"}],"curies":[{"name":"wp","href":"https:\/\/api.w.org\/{rel}","templated":true}]}}