{"id":137,"date":"2010-10-19T22:51:18","date_gmt":"2010-10-19T22:51:18","guid":{"rendered":"http:\/\/pvcdemonterrey.com\/home\/?page_id=137"},"modified":"2017-04-08T01:21:28","modified_gmt":"2017-04-08T01:21:28","slug":"fabricaciones-especiales-de-tuberias-de-pe-y-pvc","status":"publish","type":"page","link":"https:\/\/pvcdemonterrey.com.mx\/?page_id=137","title":{"rendered":"Fabricaciones Especiales de Tuber\u00edas de PE y PVC"},"content":{"rendered":"<li>\n<h2>Fabricaciones de Especialidades en PE Y PVC sobre Dise\u00f1o<\/h2>\n<ul>\n<li>\n<h3>Fabricaciones especiales<\/h3>\n<ul>\n<li>\n<div align=\"center\">\n<img decoding=\"async\" src=\"https:\/\/pvcdemonterrey.com.mx\/home\/wp-content\/uploads\/2010\/10\/17.jpg\" \/><\/div>\n<p>&#8211; Fabricaci\u00f3n  de especialidades en Polietileno y PVC<br \/>\n&#8211; Tuber\u00edas,  perfiles, barras huecas y s\u00f3lidas sobre dise\u00f1o<br \/>\n&#8211; Fantasmas  Tubulares para se\u00f1alizaci\u00f3n de trafico<br \/>\n&#8211; Extensiones  de Polietileno para pintar<br \/>\n&#8211; Bebederos para ganado (varios tipos y tama\u00f1os)\n\t\t\t\t\t\t\t  <\/li>\n<\/ul>\n<\/li>\n<\/ul>\n<\/li>\n","protected":false},"excerpt":{"rendered":"<p>Fabricaciones de Especialidades en PE Y PVC sobre Dise\u00f1o Fabricaciones especiales &#8211; Fabricaci\u00f3n de especialidades en Polietileno y PVC &#8211; Tuber\u00edas, perfiles, barras huecas y s\u00f3lidas sobre dise\u00f1o &#8211; Fantasmas Tubulares para se\u00f1alizaci\u00f3n de trafico &#8211; Extensiones de Polietileno para pintar &#8211; Bebederos para ganado (varios tipos y tama\u00f1os)<\/p>\n","protected":false},"author":2,"featured_media":0,"parent":0,"menu_order":0,"comment_status":"open","ping_status":"closed","template":"potable.php","meta":[],"aioseo_notices":[],"_links":{"self":[{"href":"https:\/\/pvcdemonterrey.com.mx\/index.php?rest_route=\/wp\/v2\/pages\/137"}],"collection":[{"href":"https:\/\/pvcdemonterrey.com.mx\/index.php?rest_route=\/wp\/v2\/pages"}],"about":[{"href":"https:\/\/pvcdemonterrey.com.mx\/index.php?rest_route=\/wp\/v2\/types\/page"}],"author":[{"embeddable":true,"href":"https:\/\/pvcdemonterrey.com.mx\/index.php?rest_route=\/wp\/v2\/users\/2"}],"replies":[{"embeddable":true,"href":"https:\/\/pvcdemonterrey.com.mx\/index.php?rest_route=%2Fwp%2Fv2%2Fcomments&post=137"}],"version-history":[{"count":4,"href":"https:\/\/pvcdemonterrey.com.mx\/index.php?rest_route=\/wp\/v2\/pages\/137\/revisions"}],"predecessor-version":[{"id":567,"href":"https:\/\/pvcdemonterrey.com.mx\/index.php?rest_route=\/wp\/v2\/pages\/137\/revisions\/567"}],"wp:attachment":[{"href":"https:\/\/pvcdemonterrey.com.mx\/index.php?rest_route=%2Fwp%2Fv2%2Fmedia&parent=137"}],"curies":[{"name":"wp","href":"https:\/\/api.w.org\/{rel}","templated":true}]}}