{"id":135,"date":"2010-10-19T22:50:33","date_gmt":"2010-10-19T22:50:33","guid":{"rendered":"http:\/\/pvcdemonterrey.com\/home\/?page_id=135"},"modified":"2017-04-08T01:44:34","modified_gmt":"2017-04-08T01:44:34","slug":"tomas-domiciliarias","status":"publish","type":"page","link":"https:\/\/pvcdemonterrey.com.mx\/?page_id=135","title":{"rendered":"Tomas Domiciliarias"},"content":{"rendered":"<li>\n<h2>Sistemas Para Toma De Agua Potable<\/h2>\n<ul>\n<li>\n<h3>TOMAS DOMICILIARIAS<\/h3>\n<ul>\n<li>\n<p style=\"padding-left;20px;\">&#8211;\tCon Tubo ramal de PEAD-HMW<br \/>\n&#8211;\tCon Tubo ramal de PE y Pie derecho de Cobre<br \/>\n&#8211;\tCon Tubo ramal Kitec y Pie derecho de Cobre<\/p>\n<h4>Tomas domiciliarias<\/h4>\n<div align=\"center\">\n<img decoding=\"async\" src=\"https:\/\/pvcdemonterrey.com.mx\/home\/wp-content\/uploads\/2010\/10\/18.jpg\" \/><\/p>\n<\/div>\n<p><strong>APLICACI\u00d3N<\/strong>:<br \/>\nLa Toma Domiciliaria se utiliza a partir del ramal principal, como acometida para suministrar agua potable en todo tipo de edificaciones. <\/p>\n<p>\n<strong>Apariencia<\/strong>: Suministrable en Tuber\u00eda de Polietileno \u00f3 tubo kitec, las conexiones y v\u00e1lvulas de la toma domiciliaria est\u00e1n disponibles en PE, PP \u00f3 bronce, el Pie derecho en cobre, PVC y Galvanizado.<\/p>\n<p><strong>USOS<\/strong>:<br \/>\n&#8211;\tEn Redes de distribuci\u00f3n de agua potable urbana, suburbana y rural.<br \/>\n&#8211;\tEn l\u00edneas principales de distribuci\u00f3n en PVC, PE, fierro, acero y asbesto-cemento<\/p>\n<p><strong>VENTAJAS<\/strong>:<br \/>\n&#8211;\tMuy econ\u00f3mica, representa un ahorro de hasta 200% en materiales y mano de obra comparada con cobre y FoGo, adem\u00e1s de su nulo mantenimiento.<br \/>\n&#8211;\tF\u00e1cil de instalarse, pues los materiales son ligeros y se adaptan a cualquier topograf\u00eda del terreno. No requiere de herramientas especiales para su montaje.<br \/>\n&#8211;\t100% herm\u00e9tica, segura y confiable. La banda azul a lo largo de la tuber\u00eda permite su f\u00e1cil identificaci\u00f3n como apta para redes de agua potable.<br \/>\n&#8211;\tMuy durable y resistente, con una vida \u00fatil de 50 a\u00f1os bajo tierra<br \/>\n&#8211;\tSoporta la corrosi\u00f3n y las temperaturas ambientales extremas (-117\u00b0C hasta 60\u00b0C);<br \/>\n&#8211;\tEcol\u00f3gica ya que no contamina y sus componentes son 100% reciclables.<br \/>\n&#8211;\tEficiente, pues su acabado liso disminuye las p\u00e9rdidas por fricci\u00f3n y no propicia la incrustaci\u00f3n de sarro.<br \/>\n&#8211;\tIdeal para conducir el agua potable, ya que no favorece el crecimiento de algas o bacterias.<\/p>\n<div align=\"center\"><img decoding=\"async\" src=\"https:\/\/pvcdemonterrey.com.mx\/home\/wp-content\/themes\/BC\/imgproductos\/TOMAS-DE-AGUA\/TOMAS-DE-AGUA3.jpg\" \/><img decoding=\"async\" src=\"https:\/\/pvcdemonterrey.com.mx\/home\/wp-content\/themes\/BC\/imgproductos\/TOMAS-DE-AGUA\/TOMAS-DE-AGUA4.jpg\" \/><\/div>\n<p>1.\tAbrazadera T.D. con derivaci\u00f3n roscada de \u00bd\u201d \u00f3 \u00be\u201d (1 pza.)<br \/>\n2.\tV\u00e1lvula de inserci\u00f3n de \u00bd\u201d \u00f3 \u00be\u201d (1 pza.)<br \/>\n3.\tAdaptador de compresi\u00f3n\/sujetador de \u00bd\u201d \u00f3 \u00be\u201d (2 pza.)<br \/>\n4.\tRamal de tubo de polietileno de alta densidad-HMW de \u00bd\u201d \u00f3 \u00be\u201d<br \/>\n5.\tCople de compresi\u00f3n de \u00bd\u201d \u00f3 \u00be\u201d<br \/>\n6.\tTapa roscada de \u00bd\u201d \u00f3 \u00be\u201d<\/p>\n<p><strong>Componentes<\/strong>:<br \/>\nTenemos a su disposici\u00f3n todas las conexiones, insertores, v\u00e1lvulas y accesorios para la Instalaci\u00f3n de tomas domiciliarias de 1-1\/2\u201d, 2\u201d, 3\u201d y 4\u201d con derivaci\u00f3n a \u00bd\u201d \u00f3 \u00be\u201d.<\/p>\n<div align=\"center\"><img decoding=\"async\" src=\"https:\/\/pvcdemonterrey.com.mx\/home\/wp-content\/themes\/BC\/imgproductos\/TOMAS-DE-AGUA\/TOMAS-DE-AGUA5.jpg\"\/><\/div>\n<\/li>\n<\/ul>\n<\/li>\n<\/ul>\n<\/li>\n","protected":false},"excerpt":{"rendered":"<p>Sistemas Para Toma De Agua Potable TOMAS DOMICILIARIAS &#8211; Con Tubo ramal de PEAD-HMW &#8211; Con Tubo ramal de PE y Pie derecho de Cobre &#8211; Con Tubo ramal Kitec y Pie derecho de Cobre Tomas domiciliarias APLICACI\u00d3N: La Toma Domiciliaria se utiliza a partir del ramal principal, como acometida para suministrar agua potable en [&hellip;]<\/p>\n","protected":false},"author":2,"featured_media":0,"parent":0,"menu_order":0,"comment_status":"open","ping_status":"closed","template":"potable.php","meta":[],"aioseo_notices":[],"_links":{"self":[{"href":"https:\/\/pvcdemonterrey.com.mx\/index.php?rest_route=\/wp\/v2\/pages\/135"}],"collection":[{"href":"https:\/\/pvcdemonterrey.com.mx\/index.php?rest_route=\/wp\/v2\/pages"}],"about":[{"href":"https:\/\/pvcdemonterrey.com.mx\/index.php?rest_route=\/wp\/v2\/types\/page"}],"author":[{"embeddable":true,"href":"https:\/\/pvcdemonterrey.com.mx\/index.php?rest_route=\/wp\/v2\/users\/2"}],"replies":[{"embeddable":true,"href":"https:\/\/pvcdemonterrey.com.mx\/index.php?rest_route=%2Fwp%2Fv2%2Fcomments&post=135"}],"version-history":[{"count":15,"href":"https:\/\/pvcdemonterrey.com.mx\/index.php?rest_route=\/wp\/v2\/pages\/135\/revisions"}],"predecessor-version":[{"id":580,"href":"https:\/\/pvcdemonterrey.com.mx\/index.php?rest_route=\/wp\/v2\/pages\/135\/revisions\/580"}],"wp:attachment":[{"href":"https:\/\/pvcdemonterrey.com.mx\/index.php?rest_route=%2Fwp%2Fv2%2Fmedia&parent=135"}],"curies":[{"name":"wp","href":"https:\/\/api.w.org\/{rel}","templated":true}]}}