{"id":133,"date":"2010-10-19T22:49:35","date_gmt":"2010-10-19T22:49:35","guid":{"rendered":"http:\/\/pvcdemonterrey.com\/home\/?page_id=133"},"modified":"2017-04-08T02:17:05","modified_gmt":"2017-04-08T02:17:05","slug":"valvulas-y-conexiones","status":"publish","type":"page","link":"https:\/\/pvcdemonterrey.com.mx\/?page_id=133","title":{"rendered":"V\u00e1lvulas y Conexiones"},"content":{"rendered":"<li>\n<h2>Valvulas Hidr&aacute;ulicas e Industriales de PVC<\/h2>\n<ul>\n<li>\n<h3>V&Aacute;lvula de PVC tipo bola<\/h3>\n<ul>\n<li>\n<h4>V&aacute;lvula de PVC tipo bola<\/h4>\n<div align=\"center\"><img decoding=\"async\" loading=\"lazy\" src=\"https:\/\/pvcdemonterrey.com.mx\/home\/wp-content\/themes\/BC\/imgproductos\/VALVULA-PVC-DE-BOLA\/VALVULA-PVC-DE-BOLA.jpg\" width=\"200\" height=\"150\" \/><\/div>\n<p><strong>APLICACI\u00d3N<\/strong>:<br \/>\nV&aacute;lvula de PVC (policloruro de vinilo) de apertura-cierre que permite, bloquea \u00f3 modula el paso de fluidos a  baja presi\u00f3n. Se utiliza en tuber\u00eda de polietileno y PVC.<br \/>\n<strong>Apariencia<\/strong>: <strong>v&aacute;lvula de PVC<\/strong> de accionamiento manual en color blanco.<br \/>\n<strong>Di&aacute;metros<\/strong>: \u00bd\u201d hasta 4\u201d.<br \/>\n<strong>Presi\u00f3n de trabajo<\/strong>: 10.0 kg\/cm\u00b2 (150 lbs\/plg\u00b2)<br \/>\n<strong>Uni\u00f3n<\/strong>: sistema de cementar y roscar<\/p>\n<p><strong>USOS<\/strong>:<br \/>\n&#8211;\tSe emplea en el control de fluidos a trav\u00e9s de tuber\u00eda de polietileno o de PVC<br \/>\n&#8211;\tSistemas de irrigaci\u00f3n<br \/>\n&#8211;\tIndustria en general<\/p>\n<p><strong>VENTAJAS<\/strong>:<br \/>\n&#8211;\tF&aacute;cil apertura y cierre, ideales para operaciones de abierto-cerrado<br \/>\n&#8211;\tResistente a la corrosi\u00f3n y a los agentes qu\u00edmicos<br \/>\n&#8211;\tHerm\u00e9tica y confiable<\/li>\n<\/ul>\n<\/li>\n<li>\n<h3>V&Aacute;lvula de PVC tipo bola uni&oacute;n doble roscar y cementar<\/h3>\n<ul>\n<li>\n<h4>V&aacute;lvula PVC de bola uni&oacute;n doble roscar y cementar<\/h4>\n<div align=\"center\"><img decoding=\"async\" loading=\"lazy\" src=\"https:\/\/pvcdemonterrey.com.mx\/home\/wp-content\/themes\/BC\/imgproductos\/VALVULA-PVC-DE-BOLA-UNION-DOBLE-ROSCAR-Y-CEMENTAR\/PVC-DE-BOLA-UNION-DOBLE-ROSCAR-Y-CEMENTAR.jpg\" width=\"200\" height=\"150\" \/><\/div>\n<p><strong>APLICACI\u00d3N<\/strong>:<br \/>\nV&aacute;lvula de PVC (policloruro de vinilo) de r&aacute;pida apertura-cierre para permitir, evitar o modular el paso de fluidos a  baja presi\u00f3n. Se utiliza en tuber\u00eda de polietileno y PVC.<br \/>\n<strong>Apariencia<\/strong>: <strong>v&aacute;lvula de PVC<\/strong> de accionamiento manual en color gris.<br \/>\n<strong>Di&aacute;metros<\/strong>: \u00bd\u201d hasta 2\u201d.<br \/>\n<strong>Presi\u00f3n de trabajo<\/strong>: 10.0 kg\/cm\u00b2 (150 lbs\/plg\u00b2)<br \/>\n<strong>Uni\u00f3n<\/strong>: cementar o roscar en ambos extremos<\/p>\n<p><strong>USOS<\/strong>:<br \/>\n&#8211; Para el control de fluidos a trav\u00e9s de tuber\u00eda de polietileno o de PVC<br \/>\n&#8211;\tSistemas de irrigaci\u00f3n<br \/>\n&#8211; Industria en general<\/p>\n<p><strong>VENTAJAS<\/strong>:<br \/>\n&#8211;\tF&aacute;cil apertura y cierre, ideales para operaciones de abierto-cerrado<br \/>\n&#8211;\tResistente a la corrosi\u00f3n y a agentes qu\u00edmicos<br \/>\n&#8211;\tEcon\u00f3mica y durable<br \/>\n&#8211;\tRuta de flujo suave que elimina la p\u00e9rdida de presi\u00f3n<br \/>\n&#8211;\tFuncionamiento 100 % herm\u00e9tico y confiable<\/li>\n<\/ul>\n<\/li>\n<li>\n<h3>V&Aacute;lvula de PVC tipo Bola Uni&oacute;n Sencilla Roscar Y Cementar<\/h3>\n<ul>\n<li>\n<h4>V&aacute;lvula PVC de Bola Uni&oacute;n Sencilla Roscar y Cementar<\/h4>\n<div align=\"center\"><img decoding=\"async\" loading=\"lazy\" src=\"https:\/\/pvcdemonterrey.com.mx\/home\/wp-content\/themes\/BC\/imgproductos\/VALVULA-PVC-DE-BOLA-UNION-SENCILLA-ROSCAR-Y-CEMENTAR\/PVC-DE-BOLA-UNION-SENCILLA-ROSCAR-Y-CEMENTAR.jpg\" width=\"200\" height=\"150\" \/><\/div>\n<p><strong>APLICACI\u00d3N<\/strong>:<br \/>\nV&aacute;lvula de PVC (policloruro de vinilo) de r&aacute;pida apertura-cierre para permitir, evitar o modular el paso de fluidos a  baja presi\u00f3n. Se utiliza en tuber\u00eda de polietileno y PVC.<br \/>\n<strong>Apariencia<\/strong>: <strong>v&aacute;lvula de PVC<\/strong> de accionamiento manual en color gris.<br \/>\n<strong>Di&aacute;metros<\/strong>: \u00bd\u201d hasta 2\u201d.<br \/>\n<strong>Presi\u00f3n de trabajo<\/strong>: 10.0 kg\/cm\u00b2 (150 lbs\/plg\u00b2)<br \/>\n<strong>Uni\u00f3n<\/strong>: combinada, cementar en uno de los extremos y roscar en el otro.<\/p>\n<p><strong>USOS<\/strong>:<br \/>\n&#8211;\tPara el control de fluidos a trav\u00e9s de tuber\u00eda de polietileno o de PVC<br \/>\n&#8211;\tSistemas de irrigaci\u00f3n<br \/>\n&#8211;\tIndustria en general<\/p>\n<p><strong>VENTAJAS<\/strong>:<br \/>\n&#8211;\tF&aacute;cil apertura y cierre, ideales para operaciones de abierto-cerrado<br \/>\n&#8211;\tResistente a la corrosi\u00f3n y a los agentes qu\u00edmicos<br \/>\n&#8211;\tEcon\u00f3mica y durable<br \/>\n&#8211;\tRuta de flujo suave que elimina la p\u00e9rdida de presi\u00f3n<br \/>\n&#8211;\tOperaci\u00f3n eficiente y 100% herm\u00e9tica<\/li>\n<\/ul>\n<\/li>\n<li>\n<h3>V&Aacute;lvula de PVC tipo mariposa<\/h3>\n<ul>\n<li>\n<h4>V&aacute;lvula PVC de mariposa<\/h4>\n<div align=\"center\"><img decoding=\"async\" loading=\"lazy\" src=\"https:\/\/pvcdemonterrey.com.mx\/home\/wp-content\/themes\/BC\/imgproductos\/VALVULA-PVC-DE-MARIPOSA\/VALVULA-PVC-DE-MARIPOSA.jpg\" width=\"200\" height=\"150\" \/><\/div>\n<p><strong>APLICACI\u00d3N<\/strong>:<br \/>\n<strong>V&aacute;lvula de PVC (policloruro de vinilo) dise\u00f1ada para regular o evitar el paso de fluidos a  baja presi\u00f3n<\/strong>. Se utiliza en tuber\u00eda de polietileno y PVC.<br \/>\n<strong>Apariencia<\/strong>: <strong>v&aacute;lvula de PVC<\/strong> de accionamiento manual en color gris.<br \/>\n<strong>Di&aacute;metros<\/strong>: 2\u201d hasta 12\u201d.<br \/>\n<strong>Presi\u00f3n de trabajo<\/strong>: hasta 10.0 kg\/cm\u00b2 (150 lbs\/plg\u00b2) a 25\u00b0C<br \/>\n<strong>Uni\u00f3n<\/strong>: mec&aacute;nica mediante bridas<\/p>\n<p><strong>USOS<\/strong>:<br \/>\n&#8211;\tPara el control de fluidos y l\u00edquidos corrosivos a trav\u00e9s de tuber\u00eda de polietileno o de PVC<br \/>\n&#8211;\tAplicaciones industriales<br \/>\n&#8211;\tPlantas de tratamiento de aguas y sistemas de riego<\/p>\n<p><strong>VENTAJAS<\/strong>:<br \/>\n&#8211;\tResistente a m\u00faltiples sustancias qu\u00edmicas<br \/>\n&#8211;\tIdeales para el control del flujo<br \/>\n&#8211;\tOperaci\u00f3n segura contra movimiento por contar con gatillo en el mango<br \/>\n&#8211;\tResistente a la corrosi\u00f3n y agentes qu\u00edmicos<br \/>\n&#8211;\tPosibilidad de accionamiento motorizado en forma neum&aacute;tica o el\u00e9ctrica, o bien mediante reductor manual<\/li>\n<\/ul>\n<\/li>\n<li>\n<h3>V&Aacute;lvula de PVC tipo check o de retenci&Oacute;n<\/h3>\n<ul>\n<li>\n<h4>V&aacute;lvula PVC check o de retenci&oacute;n<\/h4>\n<div align=\"center\"><img decoding=\"async\" loading=\"lazy\" src=\"https:\/\/pvcdemonterrey.com.mx\/home\/wp-content\/themes\/BC\/imgproductos\/VALVULA-PVC-CHECK-O-DE-RETENCION\/VALVULA-PVC-CHECK-O-DE-RETENCION.jpg\" width=\"200\" height=\"150\" \/><img decoding=\"async\" loading=\"lazy\" src=\"https:\/\/pvcdemonterrey.com.mx\/home\/wp-content\/themes\/BC\/imgproductos\/VALVULA-PVC-CHECK-O-DE-RETENCION\/VALVULA-PVC-CHECK-O-DE-RETENCION3.jpg\" width=\"257\" height=\"156\" \/><img decoding=\"async\" loading=\"lazy\" src=\"https:\/\/pvcdemonterrey.com.mx\/home\/wp-content\/themes\/BC\/imgproductos\/VALVULA-PVC-CHECK-O-DE-RETENCION\/VALVULA-PVC-CHECK-O-DE-RETENCION2.jpg\" width=\"126\" height=\"91\" \/><\/div>\n<p><strong>APLICACI\u00d3N<\/strong>:<br \/>\nV&aacute;lvula de PVC (policloruro de vinilo) dise\u00f1ada para permitir el paso de fluidos en una sola direcci\u00f3n, evitando el flujo en sentido contrario. Se utiliza en tuber\u00eda de PVC.<br \/>\n<strong>Apariencia<\/strong>: <strong>v&aacute;lvula de PVC<\/strong> de accionamiento autom&aacute;tico en colores gris y blanco.<br \/>\n<strong>Di&aacute;metros<\/strong>: 1\/2\u201d hasta 2\u201d.<br \/>\n<strong>Presi\u00f3n de trabajo<\/strong>: M\u00ednima de 0.20 kg\/cm\u00b2 (3 lbs.\/pulg\u00b2) hasta 17.0 kg\/cm\u00b2 (240 lbs.\/pulg\u00b2) a 25\u00b0 C<br \/>\nUni\u00f3n: sistema de cementar y roscar<br \/>\n<strong>USOS<\/strong>:<br \/>\n&#8211;\t\u00datil para evitar el contra flujo en l\u00edneas hidr&aacute;ulicas de PVC<br \/>\n&#8211;\tEn sistemas de irrigaci\u00f3n, en sistemas rurales, pozos de agua,<br \/>\n&#8211;\tAplicaciones marinas, industriales y de miner\u00eda<\/p>\n<p><strong>VENTAJAS<\/strong>:<br \/>\n&#8211;\tExcelente resistencia qu\u00edmica<br \/>\n&#8211;\tSellado herm\u00e9tico, 100% seguro<br \/>\n&#8211;\tAdaptable para instalarse en posici\u00f3n horizontal o vertical<br \/>\n&#8211;\tResistente a la corrosi\u00f3n<br \/>\n&#8211;\tF&aacute;cil instalaci\u00f3n y mantenimiento<\/li>\n<\/ul>\n<\/li>\n<li>\n<h3>Tuerca uni&Oacute;n de PVC para cementar y roscar<\/h3>\n<ul>\n<li>\n<h4>Tuerca uni&oacute;n de PVC para cementar y roscar<\/h4>\n<div align=\"center\"><img decoding=\"async\" src=\"https:\/\/pvcdemonterrey.com.mx\/home\/wp-content\/themes\/BC\/imgproductos\/TUERCA-UNION-DE-PVC-PARA-CEMENTAR-Y-ROSCAR\/TUERCA-UNION-DE-PVC-PARA-CEMENTAR-Y-ROSCAR.jpg\" \/><\/div>\n<p><strong>APLICACI\u00d3N<\/strong>:<br \/>\nConector de PVC (policloruro de vinilo) dise\u00f1ado para unir tramos de tuber\u00eda de PVC.<br \/>\n<strong>Apariencia<\/strong>: Conector de PVC en color blanco (c\u00e9dula 40) y gris (c\u00e9dula 80).<br \/>\n<strong>Di&aacute;metros<\/strong>: 1\/2\u201d hasta 4\u201d.<br \/>\n<strong>Presi\u00f3n de trabajo<\/strong>: 17.0 kg\/cm\u00b2 (200 lbs.\/pulg\u00b2) en di&aacute;metros de 1\/2\u201d a 2\u201d y 10.0 kg\/cm\u00b2 (lbs.\/pulg\u00b2) en di&aacute;metros de 2 1\/2\u201d a 4\u201d<br \/>\n<strong>Uni\u00f3n<\/strong>: roscada y tambi\u00e9n mediante sistema de cementado<\/p>\n<p><strong>USO<\/strong>:<br \/>\n&#8211;\t\u00datil para unir tramos de tuber\u00eda de PVC liso y roscado<\/p>\n<p><strong>VENTAJAS<\/strong>:<br \/>\n&#8211;\tExcelente resistencia qu\u00edmica<br \/>\n&#8211;\tSellado herm\u00e9tico, 100% seguro<\/li>\n<\/ul>\n<\/li>\n<li>\n<h3>Cople de compresi&Oacute;n en PVC<\/h3>\n<ul>\n<li>\n<h4>Cople de compresi&oacute;n en PVC<\/h4>\n<div align=\"center\"><img decoding=\"async\" loading=\"lazy\" src=\"https:\/\/pvcdemonterrey.com.mx\/home\/wp-content\/themes\/BC\/imgproductos\/COPLE-DE-COMPRESION\/COPLE-DE-COMPRESION.jpg\" width=\"200\" height=\"150\" \/><img decoding=\"async\" loading=\"lazy\" src=\"https:\/\/pvcdemonterrey.com.mx\/home\/wp-content\/themes\/BC\/imgproductos\/COPLE-DE-COMPRESION\/COPLE-DE-COMPRESION2.jpg\" width=\"112\" height=\"143\" \/><img decoding=\"async\" loading=\"lazy\" src=\"https:\/\/pvcdemonterrey.com.mx\/home\/wp-content\/themes\/BC\/imgproductos\/COPLE-DE-COMPRESION\/COPLE-DE-COMPRESION3.jpg\" width=\"128\" height=\"141\" \/><\/div>\n<p><strong>APLICACI\u00d3N<\/strong>:<br \/>\n<strong>Conector de compresi\u00f3n<\/strong>  en PVC(policloruro de vinilo) dise\u00f1ado para unir tramos de tuber\u00eda de polietileno, PVC, cobre y Kitec\u00ae<br \/>\n<strong>Apariencia<\/strong>: colores blanco, gris y negro.<br \/>\n<strong>Di&aacute;metros<\/strong>: 1\/2\u201d hasta 6\u201d.<br \/>\n<strong>Presi\u00f3n de trabajo<\/strong>: 7.0 kg\/cm\u00b2 (100 lbs.\/pulg\u00b2) a 20\u00b0 C para el blanco tipo comercial<br \/>\n14.0 kg\/cm\u00b2 (100 lbs.\/pulg\u00b2) a 20\u00b0 C para gris y negro tipo industrial<br \/>\n<strong>Uni\u00f3n<\/strong>: mec&aacute;nica mediante tuercas y anillos de compresi\u00f3n<\/p>\n<p><strong>USOS<\/strong>:<br \/>\n&#8211;\t\u00datil para unir tramos de tubos de polietileno, cobre, PVC y Kitec\u00ae<br \/>\n&#8211;\tTambi\u00e9n se emplea para hacer reparaciones en l\u00edneas de tuber\u00eda que ya est&aacute;n instaladas \u00f3 en funcionamiento<br \/>\n&#8211;\tEn sistemas de irrigaci\u00f3n<br \/>\n&#8211;\tEn sistemas rurales, pozos de agua y aplicaciones marinas y de miner\u00eda<br \/>\n<strong>VENTAJAS<\/strong>:<br \/>\n&#8211;\tSe puede conectar a tuber\u00edas de diversos materiales<br \/>\n&#8211;\tSellado herm\u00e9tico, 100% seguro<br \/>\n&#8211;\tMuy econ\u00f3mico, F&aacute;cil y r&aacute;pido de instalar<br \/>\n&#8211;\tResistente a la corrosi\u00f3n<br \/>\n&#8211;\tDurable y resistente a impactos<br \/>\n&#8211;\tReduce los costos de mantenimiento<\/li>\n<\/ul>\n<\/li>\n<li>\n<h3>Cople DRESSER de acero para reparaciones<\/h3>\n<ul>\n<li>\n<h4>Cople DRESSER de acero para reparaciones<\/h4>\n<div align=\"center\"><img decoding=\"async\" loading=\"lazy\" src=\"https:\/\/pvcdemonterrey.com.mx\/home\/wp-content\/themes\/BC\/imgproductos\/COPLE-DRESSER\/COPLE-DRESSER.jpg\" width=\"200\" height=\"150\" \/><\/div>\n<p><strong>APLICACI\u00d3N<\/strong>:<br \/>\nAcoplamiento de acero \u00fatil para unir tuber\u00edas de diversos materiales.<br \/>\n<strong>Apariencia<\/strong>: <strong>cople de acero<\/strong> consistente en un cilindro central con dos bridas y anillos en los extremos.<br \/>\n<strong>Di&aacute;metros<\/strong>: 2\u201d hasta 12\u201d.<br \/>\n<strong>Largos<\/strong>: 15 cm y 30 cm.<br \/>\n<strong>Presi\u00f3n de trabajo<\/strong>: 75.0 kg\/cm\u00b2 (1000 lbs.\/pulg\u00b2) en di&aacute;metros de 2\u201d a 6\u201d y 40.0 kg\/cm\u00b2 (560 lbs.\/pulg\u00b2) en di&aacute;metros de 8\u201d a 12\u201d<br \/>\n<strong>Uni\u00f3n<\/strong>: manual mediante inserci\u00f3n de los exremos y apriete mec&aacute;nico de los birlos.<\/p>\n<p><strong>USOS<\/strong>:<br \/>\n&#8211;\tPara unir r&aacute;pidamente tubos de asbesto-cemento, polietileno, PVC y acero<\/p>\n<p><strong>VENTAJAS<\/strong>:<br \/>\n&#8211;\tPara conectar o reparar en instalaciones donde se requiera cierta flexibilidad, o bien donde exista algo de vibraci\u00f3n o movimiento<br \/>\n&#8211;\tEcon\u00f3mico y F&aacute;cil de instalar<br \/>\n&#8211;\tSellado herm\u00e9tico, 100% seguro<br \/>\n&#8211;\tDurable y resistente a la intemperie, soportando desde -10\u00b0C hasta 90\u00b0C<\/li>\n<\/ul>\n<\/li>\n<li>\n<h3>Brida de PVC y contra brida de acero<\/h3>\n<ul>\n<li>\n<h4>Brida de PVC y contra brida de acero<\/h4>\n<div align=\"center\"><img decoding=\"async\" loading=\"lazy\" src=\"https:\/\/pvcdemonterrey.com.mx\/home\/wp-content\/themes\/BC\/imgproductos\/BRIDA-DE-PVC\/BRIDA-DE-PVC.jpg\" width=\"86\" height=\"112\" \/><img decoding=\"async\" loading=\"lazy\" src=\"https:\/\/pvcdemonterrey.com.mx\/home\/wp-content\/themes\/BC\/imgproductos\/BRIDA-DE-PVC\/BRIDA-DE-PVC2.jpg\" width=\"140\" height=\"116\" \/><img decoding=\"async\" loading=\"lazy\" src=\"https:\/\/pvcdemonterrey.com.mx\/home\/wp-content\/themes\/BC\/imgproductos\/BRIDA-DE-PVC\/BRIDA-DE-PVC3.jpg\" width=\"125\" height=\"103\" \/><img decoding=\"async\" loading=\"lazy\" src=\"https:\/\/pvcdemonterrey.com.mx\/home\/wp-content\/themes\/BC\/imgproductos\/BRIDA-DE-PVC\/BRIDA-DE-PVC4.jpg\" width=\"101\" height=\"104\" \/><\/div>\n<p><strong>Apariencia<\/strong>: <strong>Brida de PVC<\/strong> en color gris. De acuerdo a la presi\u00f3n del fluido se manejan en c\u00e9dula 40 y c\u00e9dula 80. Las bridas en c\u00e9dula 40 son fijas y las bridas en c\u00e9dula 80 son m\u00f3viles.<br \/>\n<strong>Di&aacute;metros<\/strong>: 1\/2\u201d hasta 6\u201d.<br \/>\n<strong>Presi\u00f3n de trabajo<\/strong>: 17.0 kg\/cm\u00b2 (200 lbs.\/pulg\u00b2)) en di&aacute;metros de 1\/2\u201d a 4\u201d y 10.0 kg\/cm\u00b2 (150 lbs.\/pulg\u00b2) en di&aacute;metros de 6\u201d<br \/>\n<strong>Uni\u00f3n<\/strong>: Tipo cementar y Tipo roscar<\/p>\n<p><strong>USOS<\/strong>:<br \/>\n&#8211;\tPara unir tubos de fierro y\/o v&aacute;lvulas con brida de fierro a tuber\u00eda de PVC<br \/>\n&#8211;\tPara interconectar diferentes piezas y conexiones de PVC<\/p>\n<p><strong>VENTAJAS<\/strong>:<br \/>\n&#8211;\tSe conecta a bridas de m\u00faltiples tipos de tuber\u00edas de fierro<br \/>\n&#8211;\tMuy econ\u00f3mica y F&aacute;cil de instalar<br \/>\n&#8211;\tResistente a la corrosi\u00f3n<br \/>\n&#8211;\tDurable y resistente a la intemperie<\/li>\n<\/ul>\n<\/li>\n<\/ul>\n<\/li>\n<li>\n<h2>Valvulas de Acero, Fo.Fo, Bronce y Aluminio<\/h2>\n<ul>\n<li>\n<h3>V&Aacute;lvula tipo compuerta<\/h3>\n<ul>\n<li>\n<h4>V&aacute;lvula de compuerta Fo.Fo<\/h4>\n<div align=\"center\"><img decoding=\"async\" loading=\"lazy\" src=\"https:\/\/pvcdemonterrey.com.mx\/home\/wp-content\/themes\/BC\/imgproductos\/VALVULA-DE-COMPUERTA-FO.FO\/VALVULA-DE-COMPUERTA-FO.FO..jpg\" width=\"200\" height=\"150\" \/><img decoding=\"async\" loading=\"lazy\" src=\"https:\/\/pvcdemonterrey.com.mx\/home\/wp-content\/themes\/BC\/imgproductos\/VALVULA-DE-COMPUERTA-FO.FO\/VALVULA-DE-COMPUERTA-FO.FO2..jpg\" width=\"149\" height=\"162\" \/><img decoding=\"async\" loading=\"lazy\" src=\"https:\/\/pvcdemonterrey.com.mx\/home\/wp-content\/themes\/BC\/imgproductos\/VALVULA-DE-COMPUERTA-FO.FO\/VALVULA-DE-COMPUERTA-FO.FO3..jpg\" width=\"160\" height=\"184\" \/><\/div>\n<p><strong>APLICACI\u00d3N<\/strong>:<br \/>\n<strong>V&aacute;lvula de operaci\u00f3n tipo compuerta<\/strong> de apertura-cierre que permite o evita el paso de fluidos a  alta presi\u00f3n.<br \/>\n<strong>Apariencia: V&aacute;lvula de Fierro Fundido y\/o bronce<\/strong> de accionamiento manual con v&aacute;stago fijo \u00f3 saliente<br \/>\n<strong>Di&aacute;metros<\/strong>: \u00bd\u201d hasta 12\u201d.<br \/>\n<strong>Presi\u00f3n de trabajo<\/strong>:<br \/>\nDesde 7.0 kg\/cm\u00b2 (100 lbs\/plg\u00b2) hasta 14.0 kg\/cm\u00b2 (200 lbs\/plg\u00b2) l\u00ednea comercial desde hasta 14.0 kg\/cm\u00b2 (200 lbs\/plg\u00b2) 260.0 kg\/cm\u00b2 3700 (lbs\/plg\u00b2) l\u00ednea Industrial<br \/>\n<strong>Uni\u00f3n<\/strong>: mec&aacute;nica mediante bridas (con tornillos y empaque de neopreno)<\/p>\n<p><strong>USOS<\/strong>:<br \/>\n&#8211;\tPara apertura o cierre total, sin estrangulaci\u00f3n<br \/>\n&#8211;\tPara servicio general en la conducci\u00f3n de diversos l\u00edquidos<br \/>\n&#8211;\tUso general, Industrial e hidr\u00e1ulico <\/p>\n<p><strong>VENTAJAS<\/strong>:<br \/>\n&#8211;\tAlta capacidad<br \/>\n&#8211;\tCierre 100% herm&eacute;tico<br \/>\n&#8211;\tPoca resistencia al flujo<br \/>\n&#8211;\tM\u00ednima perdida por fricci\u00f3n en su paso<\/li>\n<\/ul>\n<\/li>\n<li>\n<h3>V&Aacute;lvula de Alivio o Expulsi&Oacute;n de Aire<\/h3>\n<ul>\n<li>\n<h4>V&aacute;lvula de Alivio o Expulsi&oacute;n de Aire<\/h4>\n<div align=\"center\"><img decoding=\"async\" loading=\"lazy\" src=\"https:\/\/pvcdemonterrey.com.mx\/home\/wp-content\/themes\/BC\/imgproductos\/VALVULA-DE-ALIVIO\/VALVULA-DE-ALIVIO.jpg\" width=\"200\" height=\"150\" \/><img decoding=\"async\" loading=\"lazy\" src=\"https:\/\/pvcdemonterrey.com.mx\/home\/wp-content\/themes\/BC\/imgproductos\/VALVULA-DE-ALIVIO\/VALVULA-DE-ALIVIO2.jpg\" width=\"140\" height=\"169\" \/><img decoding=\"async\" loading=\"lazy\" src=\"https:\/\/pvcdemonterrey.com.mx\/home\/wp-content\/themes\/BC\/imgproductos\/VALVULA-DE-ALIVIO\/VALVULA-DE-ALIVIO3.jpg\" width=\"248\" height=\"156\" \/><\/div>\n<p><strong>APLICACI\u00d3N<\/strong>:<br \/>\nV&aacute;lvula de alivio para permitir la expulsi\u00f3n de aire presente en las tuber\u00edas  hidr&aacute;ulicas.<br \/>\n<strong>Apariencia: V&aacute;lvula de aluminio fundido<\/strong> de accionamiento autom&aacute;tico y con rosca hembra NPT para su conexi\u00f3n a diferentes tipos de tuber\u00eda (PE,PVC,Fo).<br \/>\n<strong>Di&aacute;metros<\/strong>: \u00be\u201d, 1\u201d y 2\u201d<br \/>\n<strong>Presi\u00f3n de trabajo<\/strong>: 14.0 kg\/cm\u00b2 (200 lbs\/plg\u00b2)<br \/>\n<strong>Uni\u00f3n<\/strong>: mediante roscado<\/p>\n<p><strong>USOS<\/strong>:<br \/>\n&#8211;\tEn la evacuaci\u00f3n de aire presente en cualquier tuber\u00eda que conduzca l\u00edquidos.<br \/>\n&#8211;\tDurante el llenado y la descarga de tuber\u00edas hidr&aacute;ulicas<br \/>\n&#8211;\tSistemas de riego a presi\u00f3n<br \/>\n&#8211;\tSistemas hidr&aacute;ulicos para ganader\u00eda y agricultura<br \/>\n&#8211;\tUso general en l\u00edneas de conducci\u00f3n de fluidos a presi\u00f3n<\/p>\n<p><strong>VENTAJAS<\/strong>:<br \/>\n&#8211; Evita el reventamiento de la tuber\u00eda como consecuencia de la presencia de aire<br \/>\nque com\u00fanmente ocasiona el golpe de ariete<br \/>\n&#8211;\tPor su construcci\u00f3n en aluminio combina su ligereza con la resistencia a la corrosi\u00f3n<br \/>\n&#8211;\tM&aacute;xima capacidad de venteo evitando un cierre prematuro de la esfera flotadora<br \/>\n&#8211;\tDise\u00f1o simple que asegura un buen desempe\u00f1o<br \/>\n&#8211;\tConfiable, econ\u00f3mica, segura y 100% herm&eacute;tica<\/li>\n<\/ul>\n<\/li>\n<\/ul>\n<\/li>\n","protected":false},"excerpt":{"rendered":"<p>Valvulas Hidr&aacute;ulicas e Industriales de PVC V&Aacute;lvula de PVC tipo bola V&aacute;lvula de PVC tipo bola APLICACI\u00d3N: V&aacute;lvula de PVC (policloruro de vinilo) de apertura-cierre que permite, bloquea \u00f3 modula el paso de fluidos a baja presi\u00f3n. Se utiliza en tuber\u00eda de polietileno y PVC. Apariencia: v&aacute;lvula de PVC de accionamiento manual en color blanco. [&hellip;]<\/p>\n","protected":false},"author":2,"featured_media":0,"parent":0,"menu_order":0,"comment_status":"open","ping_status":"closed","template":"potable.php","meta":[],"aioseo_notices":[],"_links":{"self":[{"href":"https:\/\/pvcdemonterrey.com.mx\/index.php?rest_route=\/wp\/v2\/pages\/133"}],"collection":[{"href":"https:\/\/pvcdemonterrey.com.mx\/index.php?rest_route=\/wp\/v2\/pages"}],"about":[{"href":"https:\/\/pvcdemonterrey.com.mx\/index.php?rest_route=\/wp\/v2\/types\/page"}],"author":[{"embeddable":true,"href":"https:\/\/pvcdemonterrey.com.mx\/index.php?rest_route=\/wp\/v2\/users\/2"}],"replies":[{"embeddable":true,"href":"https:\/\/pvcdemonterrey.com.mx\/index.php?rest_route=%2Fwp%2Fv2%2Fcomments&post=133"}],"version-history":[{"count":19,"href":"https:\/\/pvcdemonterrey.com.mx\/index.php?rest_route=\/wp\/v2\/pages\/133\/revisions"}],"predecessor-version":[{"id":584,"href":"https:\/\/pvcdemonterrey.com.mx\/index.php?rest_route=\/wp\/v2\/pages\/133\/revisions\/584"}],"wp:attachment":[{"href":"https:\/\/pvcdemonterrey.com.mx\/index.php?rest_route=%2Fwp%2Fv2%2Fmedia&parent=133"}],"curies":[{"name":"wp","href":"https:\/\/api.w.org\/{rel}","templated":true}]}}