{"id":131,"date":"2010-10-19T22:48:02","date_gmt":"2010-10-19T22:48:02","guid":{"rendered":"http:\/\/pvcdemonterrey.com\/home\/?page_id=131"},"modified":"2017-04-08T01:34:08","modified_gmt":"2017-04-08T01:34:08","slug":"mangueras-flexibles-pvc","status":"publish","type":"page","link":"https:\/\/pvcdemonterrey.com.mx\/?page_id=131","title":{"rendered":"Mangueras Flexibles de PVC"},"content":{"rendered":"<li>\n<h2>Manguera verde olivo de PVC flexible tipo rural<\/h2>\n<ul>\n<li>\n<h3>Manguera verde de PVC flexible tipo rural<\/h3>\n<div align=\"center\">\n<img decoding=\"async\" src=\"https:\/\/pvcdemonterrey.com.mx\/home\/wp-content\/uploads\/2010\/10\/15.jpg\" \/><\/div>\n<p>\n<strong>APLICACI\u00d3N<\/strong>:<br \/>\n<strong>Manguera de PVC <\/strong>(policloruro de vinilo) flexible especialmente dise\u00f1ada para trabajo rudo en riego agr\u00edcola<br \/>\n<strong>Apariencia<\/strong>: manguera flexible en acabado exterior semi-corrugado e interior liso, con refuerzo en espiral<br \/>\n<strong>Espesores<\/strong>: De 3.0 a 6.65 mm><br \/>\n<strong>Di&aacute;metros<\/strong>: 3\/4\u201d hasta 8\u201d.<br \/>\n<strong>Largos<\/strong>: rollos de 10, 20 y 30 mts.<br \/>\n<strong>Temperatura<\/strong> de trabajo:  -15\u00b0C hasta 65\u00b0C<br \/>\n<strong>Presi\u00f3n de vac\u00edo<\/strong>:  1.0 Atmosferas (30\u201d de columna de mercurio)<br \/>\n<strong>Presi\u00f3n de trabajo<\/strong>: desde 45.0 hasta 145.0 lb\/plg\u00b2<br \/>\n<strong>Uni\u00f3n<\/strong>: mediante conexiones de PVC y conexiones r&aacute;pidas<\/p>\n<p><strong>USOS<\/strong>: <br \/>\n&#8211;\tRiego agr\u00edcola e industrial, letrinas y purinas\t<br \/>\n&#8211; Aspiraci\u00f3n e impulsi\u00f3n de lodos, pasta de madera y esti\u00e9rcol<br \/>\n&#8211;\tConducci\u00f3n de productos qu\u00edmicos<br \/>\n&#8211;\tTransportaci\u00f3n de materiales granulados como semillas por medio de aire <\/p>\n<p> <strong>VENTAJAS<\/strong>: <br \/>\n &#8211;\tResistente al uso rudo y continuo en el riego agr\u00edcola y rural<br \/>\n &#8211;\tResistente a la abrasi\u00f3n y al arrastre<<br \/>\n &#8211;\tResistente a la aspiraci\u00f3n, no se colapsa<br \/>\n &#8211;\tResistente a los agentes atmosf\u00e9ricos<\/p>\n<p> <strong><a target=\"_blank\" href=\"https:\/\/pvcdemonterrey.com.mx\/home\/wp-content\/themes\/BC\/imgproductos\/MANGUERA-VERDE-DE-PVC-FLEXIBLE-TIPO-RURAL\/MANGUERA-VERDE-DE-PVC-FLEXIBLE-TIPO-RURAL.pdf\">Especificaciones T\u00e9cnicas<\/a><\/strong>\n<\/li>\n<\/ul>\n<\/li>\n<li>\n<h2>Manguera negra de PVC para ventilaci&oacute;n<\/h2>\n<ul>\n<li>\n<h3>Manguera negra de PVC para ventilaci&oacute;n<\/h3>\n<div align=\"center\"><img decoding=\"async\" src=\"https:\/\/pvcdemonterrey.com.mx\/home\/wp-content\/themes\/BC\/imgproductos\/MANGUERA-NEGRA-DE-PVC-PARA-VENTILACION\/MANGUERA-NEGRA-DE-PVC-PARA-VENTILACION.jpg\" \/><img decoding=\"async\" src=\"https:\/\/pvcdemonterrey.com.mx\/home\/wp-content\/themes\/BC\/imgproductos\/MANGUERA-NEGRA-DE-PVC-PARA-VENTILACION\/MANGUERA-NEGRA-DE-PVC-PARA-VENTILACION2.jpg\" \/><\/div>\n<p><strong>APLICACI\u00d3N<\/strong>:<br \/>\n<strong>Manguera de PVC<\/strong> (policloruro de vinilo) flexible. \u00datil para succi\u00f3n y expulsi\u00f3n de polvos, humos y part\u00edculas solidas. <br \/>\n<strong>Apariencia<\/strong>: manguera flexible en acabado exterior corrugado e interior liso, con refuerzo en espiral  <br \/>\n<strong>Espesores<\/strong>: De 2.50 a 7.35 mm<\n<strong>Di&aacute;metros<\/strong>: 5\/16\u201d hasta 8\u201d.<br \/>\n<strong>Largos<\/strong>: rollos de 10, 20, 25 y 30 mts.<br \/>\n<strong>Temperatura de trabajo<\/strong>:  -10\u00b0C hasta 50\u00b0C<br \/>\n<strong>Presi\u00f3n de vac\u00edo<\/strong>: 0.4 a 0.5 Atmosferas (15\u201d de columna de mercurio)<br \/>\n<strong>Presi\u00f3n de trabajo<\/strong>: 50.0 lb\/plg\u00b2<br \/>\n<strong>Uni\u00f3n<\/strong>: mediante conexiones de PVC y conexiones r&aacute;pidas<\/p>\n<p><strong>USOS<\/strong>:<br \/>\n&#8211;\tVentilaci\u00f3n, aspiraci\u00f3n y expulsi\u00f3n de aire, humos, gases y polvos<br \/>\n&#8211;\tAspiraci\u00f3n e impulsi\u00f3n de aserr\u00edn, virutas y fibras textiles<br \/>\n&#8211;\tAspiradoras y extractores<br \/>\n&#8211;\tDuctos de aire acondicionado<\/p>\n<p><strong>VENTAJAS<\/strong>: <br \/>\n &#8211;\tResistente a cambios atmosf\u00e9ricos y productos qu\u00edmicos<br \/>\n&#8211;\tResistente a la aspiraci\u00f3n, no se colapsa<br \/>\n&#8211;\tEspecialmente \u00fatil en instalaciones m\u00f3viles<\/p>\n<p><strong><a target=\"_blank\" href=\"https:\/\/pvcdemonterrey.com.mx\/home\/wp-content\/themes\/BC\/imgproductos\/MANGUERA-NEGRA-DE-PVC-PARA-VENTILACION\/MANGUERA-NEGRA-DE-PVC-PARA-VENTILACION.pdf\">Especificaciones T\u00e9cnicas<\/a><\/strong><\/span>\n\t\t\t\t\t    <\/li>\n<\/ul>\n<\/li>\n<li>\n<h2>Manguera Transparente de PVC grado Alimenticio<\/h2>\n<ul>\n<li>\n<h3>Manguera Transparente de PVC grado Alimenticio<\/h3>\n<div align=\"center\"><img decoding=\"async\" src=\"https:\/\/pvcdemonterrey.com.mx\/home\/wp-content\/uploads\/2010\/10\/16.jpg\" \/><\/div>\n<p><strong>APLICACI\u00d3N<\/strong>:<\/span><br \/>\n<strong>Manguera de PVC <\/strong>(policloruro de vinilo) at\u00f3xica y flexible. Especialmente dise\u00f1ada para la conducci\u00f3n de fluidos y l\u00edquidos con grado alimenticio. Fabricada y aprobada bajo normas F.D.A.<br \/>\n<strong>Apariencia<\/strong>: manguera flexible en acabado exterior semi-corrugada e interior liso, con refuerzo en espiral y color transparente.<br \/>\n<strong>Espesores<\/strong>: De 3.10 a 6.0 mm<br \/>\n<strong>Di&aacute;metros<\/strong>: 1\/2\u201d hasta 8\u201d.<br \/>\n<strong>Largos<\/strong>: rollos de 20 y 30 mts.<br \/>\n<strong>Temperatura de trabajo<\/strong>:  -10\u00b0C hasta 60\u00b0C<br \/>\n<strong>Presi\u00f3n de vac\u00edo<\/strong>: 1.0 Atmosferas (30\u201d de columna de mercurio) <br \/>\n<strong>Presi\u00f3n de trabajo<\/strong>: de 45.0 hasta 150 lb\/plg\u00b2<br \/>\n<strong>Uni\u00f3n<\/strong>: mediante conexiones de PVC y conexiones r&aacute;pidas<\/p>\n<p><strong>USOS<\/strong>: <br \/>\n&#8211;\tSucci\u00f3n y descarga de alimentos, jugos, mermeladas, l\u00e1cteos, refresco y vinos con una graduaci\u00f3n de alcohol no mayor a un 28%\u00a0<br \/>\nde concentraci\u00f3n <br \/>\n&#8211;\tSucci\u00f3n y descarga de alimentos granulados<\/p>\n<p><strong>VENTAJAS<\/strong>:<\/span> <br \/>\n &#8211;\tPor estar construida con PVC at\u00f3xico, minimiza el crecimiento de bacterias <br \/>\n &#8211;\tPor su transparencia permite una mejor supervisi\u00f3n de los fluidos transportados<br \/>\n &#8211;\tResistente a los agentes qu\u00edmicos y atmosf\u00e9ricos<\/p>\n<p><strong><a target=\"_blank\" href=\"https:\/\/pvcdemonterrey.com.mx\/home\/wp-content\/themes\/BC\/imgproductos\/MANGUERA-DE-PVC-ALIMENTICIA\/MANGUERA-DE-PVC-ALIMENTICIA.pdf\">Especificaciones T\u00e9cnicas<\/a><\/strong>                          <\/li>\n<\/ul>\n<\/li>\n","protected":false},"excerpt":{"rendered":"<p>Manguera verde olivo de PVC flexible tipo rural Manguera verde de PVC flexible tipo rural APLICACI\u00d3N: Manguera de PVC (policloruro de vinilo) flexible especialmente dise\u00f1ada para trabajo rudo en riego agr\u00edcola Apariencia: manguera flexible en acabado exterior semi-corrugado e interior liso, con refuerzo en espiral Espesores: De 3.0 a 6.65 mm> Di&aacute;metros: 3\/4\u201d hasta 8\u201d. [&hellip;]<\/p>\n","protected":false},"author":2,"featured_media":0,"parent":0,"menu_order":0,"comment_status":"open","ping_status":"closed","template":"potable.php","meta":[],"aioseo_notices":[],"_links":{"self":[{"href":"https:\/\/pvcdemonterrey.com.mx\/index.php?rest_route=\/wp\/v2\/pages\/131"}],"collection":[{"href":"https:\/\/pvcdemonterrey.com.mx\/index.php?rest_route=\/wp\/v2\/pages"}],"about":[{"href":"https:\/\/pvcdemonterrey.com.mx\/index.php?rest_route=\/wp\/v2\/types\/page"}],"author":[{"embeddable":true,"href":"https:\/\/pvcdemonterrey.com.mx\/index.php?rest_route=\/wp\/v2\/users\/2"}],"replies":[{"embeddable":true,"href":"https:\/\/pvcdemonterrey.com.mx\/index.php?rest_route=%2Fwp%2Fv2%2Fcomments&post=131"}],"version-history":[{"count":23,"href":"https:\/\/pvcdemonterrey.com.mx\/index.php?rest_route=\/wp\/v2\/pages\/131\/revisions"}],"predecessor-version":[{"id":571,"href":"https:\/\/pvcdemonterrey.com.mx\/index.php?rest_route=\/wp\/v2\/pages\/131\/revisions\/571"}],"wp:attachment":[{"href":"https:\/\/pvcdemonterrey.com.mx\/index.php?rest_route=%2Fwp%2Fv2%2Fmedia&parent=131"}],"curies":[{"name":"wp","href":"https:\/\/api.w.org\/{rel}","templated":true}]}}